{"id":21,"date":"2015-09-30T11:13:40","date_gmt":"2015-09-30T09:13:40","guid":{"rendered":"http:\/\/www.golf108.eu\/?page_id=21"},"modified":"2017-09-22T11:50:18","modified_gmt":"2017-09-22T09:50:18","slug":"turnaje","status":"publish","type":"page","link":"http:\/\/www.golf108.eu\/cz\/turnaje\/","title":{"rendered":"Slovak Grand Tour 2017"},"content":{"rendered":"<p><\/p>\n<h1>Let\u00e1k:<\/h1>\n<h1><a href=\"http:\/\/www.golf108.eu\/wp-content\/uploads\/letak.jpg\" data-rel=\"lightbox-gallery-x1JP\" title=\"\"><img loading=\"lazy\" class=\"alignnone size-medium wp-image-286\" src=\"http:\/\/www.golf108.eu\/wp-content\/uploads\/letak-300x300.jpg\" alt=\"\" width=\"300\" height=\"300\" srcset=\"http:\/\/www.golf108.eu\/wp-content\/uploads\/letak-300x300.jpg 300w, http:\/\/www.golf108.eu\/wp-content\/uploads\/letak-150x150.jpg 150w, http:\/\/www.golf108.eu\/wp-content\/uploads\/letak-768x768.jpg 768w, http:\/\/www.golf108.eu\/wp-content\/uploads\/letak-96x96.jpg 96w, http:\/\/www.golf108.eu\/wp-content\/uploads\/letak-24x24.jpg 24w, http:\/\/www.golf108.eu\/wp-content\/uploads\/letak-36x36.jpg 36w, http:\/\/www.golf108.eu\/wp-content\/uploads\/letak-48x48.jpg 48w, http:\/\/www.golf108.eu\/wp-content\/uploads\/letak-64x64.jpg 64w, http:\/\/www.golf108.eu\/wp-content\/uploads\/letak.jpg 800w\" sizes=\"(max-width: 300px) 100vw, 300px\" \/><\/a><\/h1>\n<h1>Ceny fee a \u0161tartovn\u00e9ho:<\/h1>\n<p>Dvojica a jednotlivci, ktor\u00ed sa z\u00fa\u010dastnia aspo\u0148 troch , zo \u0161tyroch turnajov na na\u0161ej tour, maj\u00fa jednotn\u00e9 fee a \u0161tartovn\u00e9 na v\u0161etk\u00fdch turnajoch a to:<\/p>\n<p>50,-\u20ac fee a 20,-\u20ac \u0161tartovn\u00e9\u00a0 ( \u0161tartovn\u00e9 pre riadnych \u010dlenov dom\u00e1cich klubov je 20,-\u20ac za predpokladu, \u017ee na domovskom ihrisku neplatia hracie FEE )<\/p>\n<p>Ceny na jednotliv\u00e9 turnaje v pr\u00edpade \u00fa\u010dasti na menej ako troch turnajov bud\u00fa uverejnen\u00e9 na www.skga.sk v sekcii TURNAJE &#8211; najnesk\u00f4r 2 t\u00fd\u017edne pred konan\u00edm turnaja.<\/p>\n<h1>Propoz\u00edcie:<\/h1>\n<h4><strong><em>Propoz\u00edcie \u00a0pre \u00a0t\u00faru GOLF108 \u00a0p\u00e1rov a\u00a0gener\u00e1ci\u00ed 2017 <\/em><\/strong><strong><em>a\u00a0aj \u00a0samostatne hraj\u00facich \u00a0JEDNOTLIVCOV<\/em><\/strong><\/h4>\n<p><strong>T\u00fara golfov\u00fdch p\u00e1rov:\u00a0<\/strong><strong>\u00a0<\/strong>je ur\u010den\u00e1 pre dvojice \u2013 dvoj \u010dlenn\u00e9 dru\u017estvo , , pri\u010dom plat\u00ed \u017ee dvojicu musia tvori\u0165 po\u010das celej t\u00fary tie ist\u00e9 dve osoby.<\/p>\n<p><strong>T\u00fara golfov\u00fdch gener\u00e1ci\u00ed :\u00a0<\/strong><strong>\u00a0<\/strong>je ur\u010den\u00e1 pre dvojice \u2013 dvoj \u010dlenn\u00e9 dru\u017estvo , ktor\u00e9 tvoria dve osoby , z r\u00f4znych\u00a0 gener\u00e1ci\u00ed z\u00a0jednej rodiny\u2026.\u00a0pri\u010dom plat\u00ed \u017ee dvojicu musia tvori\u0165 po\u010das celej t\u00fary tie ist\u00e9 dve osoby<\/p>\n<p><strong>T\u00fara golfov\u00fdch p\u00e1rov a gener\u00e1ci\u00ed je ur\u010den\u00e1 aj pre jednotlivcov hraj\u00facich samostatne v\u00a0samostatnej kateg\u00f3rii jednotlivcov.<\/strong><\/p>\n<p><strong>\u00a0<\/strong><\/p>\n<p><strong>HCP kateg\u00f3rie:<\/strong><\/p>\n<p><strong>HCP\u00a0\u00a0\u00a0\u00a0\u00a0\u00a0 0\u00a0 \u2013 18\u00a0\u00a0\u00a0\u00a0\u00a0\u00a0\u00a0\u00a0\u00a0\u00a0\u00a0\u00a0\u00a0\u00a0\u00a0\u00a0\u00a0\u00a0\u00a0\u00a0\u00a0\u00a0\u00a0\u00a0\u00a0\u00a0\u00a0\u00a0\u00a0\u00a0 stableford brutto kateg\u00f3ria\u00a0 \u017eeny a\u00a0kateg\u00f3ria mu\u017ei<\/strong><\/p>\n<p><strong>HCP\u00a0\u00a0\u00a0 18,1 \u2013 36\u00a0\u00a0\u00a0\u00a0\u00a0\u00a0\u00a0\u00a0\u00a0\u00a0\u00a0\u00a0\u00a0\u00a0\u00a0\u00a0\u00a0\u00a0\u00a0\u00a0\u00a0\u00a0\u00a0\u00a0\u00a0\u00a0\u00a0\u00a0 stableford netto\u00a0 kateg\u00f3ria\u00a0 \u017eeny a\u00a0kateg\u00f3ria \u00a0mu\u017ei<\/strong><\/p>\n<p><strong>HCP\u00a0\u00a0\u00a0 37 \u2013 54 \u00a0 \u00a0 \u00a0 \u00a0 \u00a0 \u00a0 \u00a0 \u00a0 \u00a0 \u00a0 \u00a0 \u00a0 \u00a0 \u00a0 \u00a0 \u00a0stableford netto kateg\u00f3ria\u00a0 \u017eeny a\u00a0kateg\u00f3ria \u00a0mu\u017ei<\/strong><\/p>\n<p><strong>Vlo\u017een\u00e9 s\u00fa\u0165a\u017ee : longest drive \u017eeny , longest drive mu\u017ei , nearest to the PIN<\/strong><\/p>\n<p>Na otvorenie jednotliv\u00fdch kateg\u00f3ri\u00ed je potrebn\u00fd po\u010det minim\u00e1lne 10 hr\u00e1\u010dov \u00a0.<\/p>\n<p>V\u00a0pr\u00edpade , \u017ee sa kateg\u00f3ria k\u00f4li mal\u00e9mu po\u010dtu hr\u00e1\u010dov neotvor\u00ed , prihl\u00e1sen\u00ed hr\u00e1\u010di hraj\u00fa v\u00a0kateg\u00f3ri\u00ed s\u00a0limitn\u00fdm HCP najbli\u017e\u0161ej ni\u017e\u0161ej HCP.<\/p>\n<p><strong>viac info na +421 948 22 77 73<\/strong><\/p>\n<p>Turnajov sa m\u00f4\u017eu z\u00fa\u010dastni\u0165 v\u0161etci \u010dlenovia SKGA a \u010dlenovia ktor\u00e9hoko\u013evek in\u00e9ho n\u00e1rodn\u00e9ho golfov\u00e9ho zv\u00e4zu s amat\u00e9rskym \u0161tat\u00fatom.<\/p>\n<p><strong>Mu\u017ei<\/strong>\u00a0: zo \u017elt\u00fdch odpal\u00edsk ( HCP 0 \u2013 18 biele ),modr\u00e9<\/p>\n<p><strong>\u017deny<\/strong>\u00a0: z \u010derven\u00fdch ( HCP 0 \u2013 18 modr\u00e9 ) , deti do dov\u0155\u0161enia veku 12 rokov v\u00a0de\u0148 turnaja<\/p>\n<p>(pokia\u013e miestne ihrisko nevyu\u017e\u00edva in\u00e9 zna\u010denie).<\/p>\n<p><strong>VYHODNOTENIE \u00a0JEDNOTLIV\u00ddCH TURNAJOV A\u00a0CELEJ T\u00daRY:<\/strong><\/p>\n<p>Ka\u017ed\u00fd z \u00fa\u010dastn\u00edkov turnaja hr\u00e1 vo dvojici s\u00e1m \u00a0za seba HCP turnaj , s \u00fapravou HCP , po skon\u010den\u00ed turnaja sa pridelia ka\u017ed\u00e9mu hr\u00e1\u010dovi pod\u013ea umiestnenia vo svojej kateg\u00f3ri\u00ed \u00a0bonusov\u00e9 body ( vi\u010f ni\u017e\u0161ie\u2026) a tieto sa potom za dvojicu s\u010d\u00edtaj\u00fa a s\u00fa\u010det bodov z troch najlep\u0161\u00edch turnajov bez rozdielu HCP a kateg\u00f3ri\u00ed je umiestnen\u00edm v s\u00fa\u0165a\u017ei o celkov\u00e9ho v\u00ed\u0165aza t\u00fary a umiestnen\u00ed na celkovom druhom a celkovom tre\u0165om mieste.<\/p>\n<p><strong>Vyhodnotenie turnaja<\/strong>\u00a0 prebehne do 60 min\u00fat od pr\u00edchodu posledn\u00e9ho hr\u00e1\u010da z\u00a0ihriska a\u00a0odovzdania jeho score karty.<\/p>\n<p>&nbsp;<\/p>\n<p>Na ka\u017edom turnaji bud\u00fa vyhodnoten\u00ed a\u00a0ocenen\u00ed trofejou a \u00a0vecn\u00fdmi cenami najlep\u0161\u00ed 3 hr\u00e1\u010di v ka\u017edej z vyhl\u00e1sen\u00fdch HCP kateg\u00f3ri\u00ed a\u00a0tri najlep\u0161ie dvojice ,\u00a0taktie\u017e v\u00ed\u0165azi vlo\u017een\u00fdch s\u00fa\u0165a\u017e\u00ed: LDM , LD\u017d, NTP<\/p>\n<p>V pr\u00edpade rovnak\u00e9ho v\u00fdsledku s\u00fa\u0165a\u017ee viacer\u00fdch hr\u00e1\u010dov, rozhoduje o umiestnen\u00ed vy\u0161\u0161\u00ed po\u010det STBF na posledn\u00fdch 9 , 6 , 3 , poslednej jamke. Ak s\u00fa v\u0161etky s\u00fa\u010dty zhodn\u00e9,v\u00ed\u0165azom sa st\u00e1va hr\u00e1\u010d s\u00a0hor\u0161\u00edm HCP .<\/p>\n<p><strong>Cena pre celkov\u00fdch v\u00ed\u0165azov t\u00fary P\u00e1rov aj Gener\u00e1ci\u00ed na prv\u00fdch troch miestach je nasledovn\u00e1:<\/strong><\/p>\n<p>Prv\u00e9 miesto pre p\u00e1r a\u00a0aj jednotlivca na T\u00daRE P\u00c1ROV a GENER\u00c1CI\u00cd je t\u00fd\u017edenn\u00fd pobyt \u2013 ly\u017eova\u010dka s\u00a0ubytovanim , polpenziou a\u00a0ski pasmi v\u00a0ly\u017eiarskom stredisku SNOWPARADISE Ve\u013ek\u00e1 Ra\u010da na chate \u010cu\u010doriedka v\u00a0zimnej sez\u00f3ne 2017\/2018<\/p>\n<p>Druh\u00e9 miesto pre p\u00e1r a\u00a0aj jednotlivca na T\u00daRE P\u00c1ROV a\u00a0 GENER\u00c1CI\u00cd je t\u00fd\u017edenn\u00fd pobyt \u2013 ly\u017eova\u010dka s\u00a0ubytovanim , polpenziou i v\u00a0ly\u017eiarskom stredisku SNOWPARADISE Ve\u013ek\u00e1 Ra\u010da na chate \u010cu\u010doriedka v\u00a0zimnej sez\u00f3ne 2017\/2018<\/p>\n<p>Tretie miesto pre p\u00e1r a\u00a0aj jednotlivca na T\u00daRE P\u00c1ROV a\u00a0GENER\u00c1CI\u00cd je v\u00edkendov\u00fd\u00a0 pobyt \u2013 ly\u017eova\u010dka s\u00a0ubytovanim , polpenziou \u00a0v\u00a0ly\u017eiarskom stredisku SNOWPARADISE Ve\u013ek\u00e1 Ra\u010da na chate \u010cu\u010doriedka v\u00a0zimnej sez\u00f3ne 2017\/2018<\/p>\n<p><strong>Celkov\u00fdmi\u00a0\u00a0 v\u00ed\u0165azmi \u00a0t\u00fary v\u00a0kateg\u00f3ri\u00ed \u00a0P\u00e1rov a Gener\u00e1cii \u2013<\/strong>\u00a0\u00a0sa vyhodnotia prv\u00e9 tri dvojice a\u00a0 traja jednotlivci umiestnen\u00fd na prv\u00fdch troch miestach \u00a0s\u00a0najv\u00e4\u010d\u0161\u00edm po\u010dtom z\u00edskan\u00fdch\u00a0 bodov za umiestnenie na 3\u00a0 z celkovo 4 turnajov .<\/p>\n<p>V pr\u00edpade rovnosti bodov jednotliv\u00fdch dvoj\u00edc rozhoduje v\u00fdsledok na poslednom turnaji a v pr\u00edpade rovnosti bodov na poslednom turnaji , rozhoduje rozstrel jedn\u00e9ho hr\u00e1\u010da z p\u00e1ru postupne a\u017e do v\u00fdhry na prvej jamke . ( upozor\u0148ujeme , \u017ee m\u00f4\u017ee nasta\u0165 situ\u00e1cia \u00a0, \u017ee ak chce dvojica z\u00edska\u0165 umiestnenie na jednom z prv\u00fdch troch miest , bude sa musie\u0165 z\u00fa\u010dastni\u0165 posledn\u00e9ho turnaja )<\/p>\n<p>Body sa z\u00edskavaj\u00fa nasledovne:<\/p>\n<p>1 miesto \u2013 10 bodov , 2 miesto \u2013 9 bodov \u2026\u2026\u2026\u2026\u2026\u2026\u2026..10 miesto \u2013 1 bod<\/p>\n<p>za ka\u017ed\u00fa v\u00fdhru vo vlo\u017eenej s\u00fa\u0165a\u017ei si hr\u00e1\u010d prip\u00ed\u0161e 5 bodov do celkov\u00e9ho hodnotenia<\/p>\n<p>Ak sa hr\u00e1\u010dovi po\u010das t\u00fary stane, \u017ee prejde pre zlep\u0161enie, \u010di zhor\u0161enie si HCP, z jednej kateg\u00f3rie do druhej, prenesie si svoje dovtedy z\u00edskan\u00e9 body do novej kateg\u00f3rie.<\/p>\n<p>Na z\u00e1ver sa s\u010d\u00edtaj\u00fa body obom hr\u00e1\u010dom z\u00a0dvojice a\u00a0aj jednotlivcovi , a\u00a0ich v\u00fdsledn\u00fd s\u00fa\u010det z\u00a03 najlep\u0161\u00edch turnajov je potom ich sk\u00f3re do celkov\u00e9ho hodnotenia.( syst\u00e9m vyhodnotenia je rovnak\u00fd pre obe kateg\u00f3rie P\u00e1ry \u00a0a\u00a0Gener\u00e1cie a\u00a0aj jednotlivcoch)<\/p>\n<p><strong>V\u00ed\u0165azn\u00e9 dvojice a\u00a0aj jednotlivcov na prv\u00fdch troch miestach v\u00a0oboch kateg\u00f3ri\u00e1ch : P\u00e1rov a\u00a0Gener\u00e1ci\u00ed\u00a0 sa musia z\u00fa\u010dastni\u0165\u00a0 aspo\u0148 troch turnajov, pri\u010dom sa do celkov\u00e9ho hodnotenia zapo\u010d\u00edtavaj\u00fa najlep\u0161ie 3 s\u00fa\u010dty bodov\u00fdch hodnoten\u00ed dvojice.<\/strong><\/p>\n<p><strong>Podmienkou pre vyhl\u00e1senie celkov\u00fdch v\u00ed\u0165azov t\u00fary je , \u017ee\u00a0 v\u00a0kateg\u00f3ri\u00ed Pary a Gener\u00e1cie spln\u00ed podmienku troch \u0161tartov minim\u00e1lne 5 dvoj\u00edc a\u00a0to ist\u00e9 plat\u00ed pre t\u00faru \u00a0jednotlivcov .<\/strong><\/p>\n<ul>\n<li>turnaje sa hraj\u00fa pod\u013ea pravidiel golfu R.&amp;A.<\/li>\n<li>miestnych pravidiel ihriska<\/li>\n<li>pravidiel GTNR ( golfov\u00e1 t\u00fara na\u0161ej rodiny )<\/li>\n<\/ul>\n<p>a nasledovn\u00e9:<\/p>\n<ul>\n<li>Hr\u00e1\u010di s\u00fa povinn\u00ed zaregistrova\u0165 sa najnesk\u00f4r 30 min\u00fat pred \u0161tartom.<\/li>\n<li>Hr\u00e1\u010di musia by\u0165 pr\u00edtomn\u00ed na svojom odpalisku najnesk\u00f4r 10 min\u00fat pred svojim \u0161tartovac\u00edm \u010dasom.( penaliz\u00e1cia \u2013 2 trestn\u00e9 body )<\/li>\n<li>Telefonovanie po\u010das hry je zak\u00e1zan\u00e9.<\/li>\n<li>Organiz\u00e1tor bude kontrolova\u0165 dodr\u017eiavanie pravidiel golfu prostredn\u00edctvom mar\u0161alov a rozhodcov.<\/li>\n<li>Pou\u017e\u00edvanie aut\u00ed\u010dok na turnajoch je zak\u00e1zan\u00e9. V\u00fdnimka je povolen\u00e1 len po predlo\u017een\u00ed platn\u00e9ho lek\u00e1rskeho potvrdenia riadite\u013eovi turnaja.<\/li>\n<li>Pou\u017e\u00edvanie merac\u00edch zariaden\u00ed je povolen\u00e9.<\/li>\n<li>V pr\u00edpade zdr\u017eovania tempa hry bude hr\u00e1\u010d najsk\u00f4r upozornen\u00fd , \u00a0druh\u00e9 upozornenie bude znamena\u0165 2 trestn\u00e9 body na jamke , kde bol hr\u00e1\u010d upozornen\u00fd a ak ani po druhom upozornen\u00ed hr\u00e1\u010d nezmen\u00ed svoje tempo hry bude na z\u00e1klade rozhodnutia riadite\u013ea t\u00fary diskvalifikovan\u00fd.<\/li>\n<\/ul>\n<p>S\u00fa\u0165a\u017en\u00fd v\u00fdbor si vyhradzuje v pr\u00edpade nutnosti pr\u00e1vo na pr\u00edpadn\u00e9 doplnenie technick\u00fdch ustanoven\u00ed a\u00a0to i\u00a0pre pr\u00edpad nov\u00fdch skuto\u010dnost\u00ed a\u00a0potrieb po\u010das turnaja.<\/p>\n<p><strong>viac info na +421 948 22 77 73\u00a0\u00a0\u00a0\u00a0\u00a0\u00a0 mail: golf108@golf108.eu<\/strong><\/p>\n<h1>Ceny fee a \u0161tartovn\u00e9ho:<\/h1>\n<p>Dvojica a jednotlivci, ktor\u00ed sa z\u00fa\u010dastnia aspo\u0148 troch , zo \u0161tyroch turnajov na na\u0161ej tour, maj\u00fa jednotn\u00e9 fee a \u0161tartovn\u00e9 na v\u0161etk\u00fdch turnajoch a to:<\/p>\n<p>50,-\u20ac fee a 20,-\u20ac \u0161tartovn\u00e9\u00a0 ( \u0161tartovn\u00e9 pre riadnych \u010dlenov dom\u00e1cich klubov je 20,-\u20ac )<\/p>\n<p>Ceny na jednotliv\u00e9 turnaje v pr\u00edpade \u00fa\u010dasti na menej ako troch turnajov bud\u00fa uverejnen\u00e9 na www.skga.sk v sekcii TURNAJE &#8211; najnesk\u00f4r 2 t\u00fd\u017edne pred konan\u00edm turnaja.<\/p>\n<h1>Propoz\u00edcie:<\/h1>\n<h4><strong><em>Propoz\u00edcie \u00a0pre \u00a0t\u00faru GOLF108 \u00a0p\u00e1rov a\u00a0gener\u00e1ci\u00ed 2017 <\/em><\/strong><strong><em>a\u00a0aj \u00a0samostatne hraj\u00facich \u00a0JEDNOTLIVCOV<\/em><\/strong><\/h4>\n<p><strong>T\u00fara golfov\u00fdch p\u00e1rov:\u00a0<\/strong><strong>\u00a0<\/strong>je ur\u010den\u00e1 pre dvojice \u2013 dvoj \u010dlenn\u00e9 dru\u017estvo , , pri\u010dom plat\u00ed \u017ee dvojicu musia tvori\u0165 po\u010das celej t\u00fary tie ist\u00e9 dve osoby.<\/p>\n<p><strong>T\u00fara golfov\u00fdch gener\u00e1ci\u00ed :\u00a0<\/strong><strong>\u00a0<\/strong>je ur\u010den\u00e1 pre dvojice \u2013 dvoj \u010dlenn\u00e9 dru\u017estvo , ktor\u00e9 tvoria dve osoby , z r\u00f4znych\u00a0 gener\u00e1ci\u00ed z\u00a0jednej rodiny\u2026.\u00a0pri\u010dom plat\u00ed \u017ee dvojicu musia tvori\u0165 po\u010das celej t\u00fary tie ist\u00e9 dve osoby<\/p>\n<p><strong>T\u00fara golfov\u00fdch p\u00e1rov a gener\u00e1ci\u00ed je ur\u010den\u00e1 aj pre jednotlivcov hraj\u00facich samostatne v\u00a0samostatnej kateg\u00f3rii jednotlivcov.<\/strong><\/p>\n<p><strong>\u00a0<\/strong><\/p>\n<p><strong>HCP kateg\u00f3rie:<\/strong><\/p>\n<p><strong>HCP\u00a0\u00a0\u00a0\u00a0\u00a0\u00a0 0\u00a0 \u2013 18\u00a0\u00a0\u00a0\u00a0\u00a0\u00a0\u00a0\u00a0\u00a0\u00a0\u00a0\u00a0\u00a0\u00a0\u00a0\u00a0\u00a0\u00a0\u00a0\u00a0\u00a0\u00a0\u00a0\u00a0\u00a0\u00a0\u00a0\u00a0\u00a0\u00a0 stableford brutto kateg\u00f3ria\u00a0 \u017eeny a\u00a0kateg\u00f3ria mu\u017ei<\/strong><\/p>\n<p><strong>HCP\u00a0\u00a0\u00a0 18,1 \u2013 36\u00a0\u00a0\u00a0\u00a0\u00a0\u00a0\u00a0\u00a0\u00a0\u00a0\u00a0\u00a0\u00a0\u00a0\u00a0\u00a0\u00a0\u00a0\u00a0\u00a0\u00a0\u00a0\u00a0\u00a0\u00a0\u00a0\u00a0\u00a0 stableford netto\u00a0 kateg\u00f3ria\u00a0 \u017eeny a\u00a0kateg\u00f3ria \u00a0mu\u017ei<\/strong><\/p>\n<p><strong>HCP\u00a0\u00a0\u00a0 37 \u2013 54 \u00a0 \u00a0 \u00a0 \u00a0 \u00a0 \u00a0 \u00a0 \u00a0 \u00a0 \u00a0 \u00a0 \u00a0 \u00a0 \u00a0 \u00a0 \u00a0stableford netto kateg\u00f3ria\u00a0 \u017eeny a\u00a0kateg\u00f3ria \u00a0mu\u017ei<\/strong><\/p>\n<p><strong>Vlo\u017een\u00e9 s\u00fa\u0165a\u017ee : longest drive \u017eeny , longest drive mu\u017ei , nearest to the PIN<\/strong><\/p>\n<p>Na otvorenie jednotliv\u00fdch kateg\u00f3ri\u00ed je potrebn\u00fd po\u010det minim\u00e1lne 10 hr\u00e1\u010dov \u00a0.<\/p>\n<p>V\u00a0pr\u00edpade , \u017ee sa kateg\u00f3ria k\u00f4li mal\u00e9mu po\u010dtu hr\u00e1\u010dov neotvor\u00ed , prihl\u00e1sen\u00ed hr\u00e1\u010di hraj\u00fa v\u00a0kateg\u00f3ri\u00ed s\u00a0limitn\u00fdm HCP najbli\u017e\u0161ej ni\u017e\u0161ej HCP.<\/p>\n<p><strong>viac info na +421 948 22 77 73<\/strong><\/p>\n<p>Turnajov sa m\u00f4\u017eu z\u00fa\u010dastni\u0165 v\u0161etci \u010dlenovia SKGA a \u010dlenovia ktor\u00e9hoko\u013evek in\u00e9ho n\u00e1rodn\u00e9ho golfov\u00e9ho zv\u00e4zu s amat\u00e9rskym \u0161tat\u00fatom.<\/p>\n<p><strong>Mu\u017ei<\/strong>\u00a0: zo \u017elt\u00fdch odpal\u00edsk ( HCP 0 \u2013 18 biele ),modr\u00e9<\/p>\n<p><strong>\u017deny<\/strong>\u00a0: z \u010derven\u00fdch ( HCP 0 \u2013 18 modr\u00e9 ) , deti do dov\u0155\u0161enia veku 12 rokov v\u00a0de\u0148 turnaja<\/p>\n<p>(pokia\u013e miestne ihrisko nevyu\u017e\u00edva in\u00e9 zna\u010denie).<\/p>\n<p><strong>VYHODNOTENIE \u00a0JEDNOTLIV\u00ddCH TURNAJOV A\u00a0CELEJ T\u00daRY:<\/strong><\/p>\n<p>Ka\u017ed\u00fd z \u00fa\u010dastn\u00edkov turnaja hr\u00e1 vo dvojici s\u00e1m \u00a0za seba HCP turnaj , s \u00fapravou HCP , po skon\u010den\u00ed turnaja sa pridelia ka\u017ed\u00e9mu hr\u00e1\u010dovi pod\u013ea umiestnenia vo svojej kateg\u00f3ri\u00ed \u00a0bonusov\u00e9 body ( vi\u010f ni\u017e\u0161ie\u2026) a tieto sa potom za dvojicu s\u010d\u00edtaj\u00fa a s\u00fa\u010det bodov z troch najlep\u0161\u00edch turnajov bez rozdielu HCP a kateg\u00f3ri\u00ed je umiestnen\u00edm v s\u00fa\u0165a\u017ei o celkov\u00e9ho v\u00ed\u0165aza t\u00fary a umiestnen\u00ed na celkovom druhom a celkovom tre\u0165om mieste.<\/p>\n<p><strong>Vyhodnotenie turnaja<\/strong>\u00a0 prebehne do 60 min\u00fat od pr\u00edchodu posledn\u00e9ho hr\u00e1\u010da z\u00a0ihriska a\u00a0odovzdania jeho score karty.<\/p>\n<p>&nbsp;<\/p>\n<p>Na ka\u017edom turnaji bud\u00fa vyhodnoten\u00ed a\u00a0ocenen\u00ed trofejou a \u00a0vecn\u00fdmi cenami najlep\u0161\u00ed 3 hr\u00e1\u010di v ka\u017edej z vyhl\u00e1sen\u00fdch HCP kateg\u00f3ri\u00ed a\u00a0tri najlep\u0161ie dvojice ,\u00a0taktie\u017e v\u00ed\u0165azi vlo\u017een\u00fdch s\u00fa\u0165a\u017e\u00ed: LDM , LD\u017d, NTP<\/p>\n<p>V pr\u00edpade rovnak\u00e9ho v\u00fdsledku s\u00fa\u0165a\u017ee viacer\u00fdch hr\u00e1\u010dov, rozhoduje o umiestnen\u00ed vy\u0161\u0161\u00ed po\u010det STBF na posledn\u00fdch 9 , 6 , 3 , poslednej jamke. Ak s\u00fa v\u0161etky s\u00fa\u010dty zhodn\u00e9,v\u00ed\u0165azom sa st\u00e1va hr\u00e1\u010d s\u00a0hor\u0161\u00edm HCP .<\/p>\n<p><strong>Cena pre celkov\u00fdch v\u00ed\u0165azov t\u00fary P\u00e1rov aj Gener\u00e1ci\u00ed na prv\u00fdch troch miestach je nasledovn\u00e1:<\/strong><\/p>\n<p>Prv\u00e9 miesto pre p\u00e1r a\u00a0aj jednotlivca na T\u00daRE P\u00c1ROV a GENER\u00c1CI\u00cd je t\u00fd\u017edenn\u00fd pobyt \u2013 ly\u017eova\u010dka s\u00a0ubytovanim , polpenziou a\u00a0ski pasmi v\u00a0ly\u017eiarskom stredisku SNOWPARADISE Ve\u013ek\u00e1 Ra\u010da na chate \u010cu\u010doriedka v\u00a0zimnej sez\u00f3ne 2017\/2018<\/p>\n<p>Druh\u00e9 miesto pre p\u00e1r a\u00a0aj jednotlivca na T\u00daRE P\u00c1ROV a\u00a0 GENER\u00c1CI\u00cd je t\u00fd\u017edenn\u00fd pobyt \u2013 ly\u017eova\u010dka s\u00a0ubytovanim , polpenziou i v\u00a0ly\u017eiarskom stredisku SNOWPARADISE Ve\u013ek\u00e1 Ra\u010da na chate \u010cu\u010doriedka v\u00a0zimnej sez\u00f3ne 2017\/2018<\/p>\n<p>Tretie miesto pre p\u00e1r a\u00a0aj jednotlivca na T\u00daRE P\u00c1ROV a\u00a0GENER\u00c1CI\u00cd je v\u00edkendov\u00fd\u00a0 pobyt \u2013 ly\u017eova\u010dka s\u00a0ubytovanim , polpenziou \u00a0v\u00a0ly\u017eiarskom stredisku SNOWPARADISE Ve\u013ek\u00e1 Ra\u010da na chate \u010cu\u010doriedka v\u00a0zimnej sez\u00f3ne 2017\/2018<\/p>\n<p><strong>Celkov\u00fdmi\u00a0\u00a0 v\u00ed\u0165azmi \u00a0t\u00fary v\u00a0kateg\u00f3ri\u00ed \u00a0P\u00e1rov a Gener\u00e1cii \u2013<\/strong>\u00a0\u00a0sa vyhodnotia prv\u00e9 tri dvojice a\u00a0 traja jednotlivci umiestnen\u00fd na prv\u00fdch troch miestach \u00a0s\u00a0najv\u00e4\u010d\u0161\u00edm po\u010dtom z\u00edskan\u00fdch\u00a0 bodov za umiestnenie na 3\u00a0 z celkovo 4 turnajov .<\/p>\n<p>V pr\u00edpade rovnosti bodov jednotliv\u00fdch dvoj\u00edc rozhoduje v\u00fdsledok na poslednom turnaji a v pr\u00edpade rovnosti bodov na poslednom turnaji , rozhoduje rozstrel jedn\u00e9ho hr\u00e1\u010da z p\u00e1ru postupne a\u017e do v\u00fdhry na prvej jamke . ( upozor\u0148ujeme , \u017ee m\u00f4\u017ee nasta\u0165 situ\u00e1cia \u00a0, \u017ee ak chce dvojica z\u00edska\u0165 umiestnenie na jednom z prv\u00fdch troch miest , bude sa musie\u0165 z\u00fa\u010dastni\u0165 posledn\u00e9ho turnaja )<\/p>\n<p>Body sa z\u00edskavaj\u00fa nasledovne:<\/p>\n<p>1 miesto \u2013 10 bodov , 2 miesto \u2013 9 bodov \u2026\u2026\u2026\u2026\u2026\u2026\u2026..10 miesto \u2013 1 bod<\/p>\n<p>za ka\u017ed\u00fa v\u00fdhru vo vlo\u017eenej s\u00fa\u0165a\u017ei si hr\u00e1\u010d prip\u00ed\u0161e 5 bodov do celkov\u00e9ho hodnotenia<\/p>\n<p>Ak sa hr\u00e1\u010dovi po\u010das t\u00fary stane, \u017ee prejde pre zlep\u0161enie, \u010di zhor\u0161enie si HCP, z jednej kateg\u00f3rie do druhej, prenesie si svoje dovtedy z\u00edskan\u00e9 body do novej kateg\u00f3rie.<\/p>\n<p>Na z\u00e1ver sa s\u010d\u00edtaj\u00fa body obom hr\u00e1\u010dom z\u00a0dvojice a\u00a0aj jednotlivcovi , a\u00a0ich v\u00fdsledn\u00fd s\u00fa\u010det z\u00a03 najlep\u0161\u00edch turnajov je potom ich sk\u00f3re do celkov\u00e9ho hodnotenia.( syst\u00e9m vyhodnotenia je rovnak\u00fd pre obe kateg\u00f3rie P\u00e1ry \u00a0a\u00a0Gener\u00e1cie a\u00a0aj jednotlivcoch)<\/p>\n<p><strong>V\u00ed\u0165azn\u00e9 dvojice a\u00a0aj jednotlivcov na prv\u00fdch troch miestach v\u00a0oboch kateg\u00f3ri\u00e1ch : P\u00e1rov a\u00a0Gener\u00e1ci\u00ed\u00a0 sa musia z\u00fa\u010dastni\u0165\u00a0 aspo\u0148 troch turnajov, pri\u010dom sa do celkov\u00e9ho hodnotenia zapo\u010d\u00edtavaj\u00fa najlep\u0161ie 3 s\u00fa\u010dty bodov\u00fdch hodnoten\u00ed dvojice.<\/strong><\/p>\n<p><strong>Podmienkou pre vyhl\u00e1senie celkov\u00fdch v\u00ed\u0165azov t\u00fary je , \u017ee\u00a0 v\u00a0kateg\u00f3ri\u00ed Pary a Gener\u00e1cie spln\u00ed podmienku troch \u0161tartov minim\u00e1lne 5 dvoj\u00edc a\u00a0to ist\u00e9 plat\u00ed pre t\u00faru \u00a0jednotlivcov .<\/strong><\/p>\n<ul>\n<li>turnaje sa hraj\u00fa pod\u013ea pravidiel golfu R.&amp;A.<\/li>\n<li>miestnych pravidiel ihriska<\/li>\n<li>pravidiel GTNR ( golfov\u00e1 t\u00fara na\u0161ej rodiny )<\/li>\n<\/ul>\n<p>a nasledovn\u00e9:<\/p>\n<ul>\n<li>Hr\u00e1\u010di s\u00fa povinn\u00ed zaregistrova\u0165 sa najnesk\u00f4r 30 min\u00fat pred \u0161tartom.<\/li>\n<li>Hr\u00e1\u010di musia by\u0165 pr\u00edtomn\u00ed na svojom odpalisku najnesk\u00f4r 10 min\u00fat pred svojim \u0161tartovac\u00edm \u010dasom.( penaliz\u00e1cia \u2013 2 trestn\u00e9 body )<\/li>\n<li>Telefonovanie po\u010das hry je zak\u00e1zan\u00e9.<\/li>\n<li>Organiz\u00e1tor bude kontrolova\u0165 dodr\u017eiavanie pravidiel golfu prostredn\u00edctvom mar\u0161alov a rozhodcov.<\/li>\n<li>Pou\u017e\u00edvanie aut\u00ed\u010dok na turnajoch je zak\u00e1zan\u00e9. V\u00fdnimka je povolen\u00e1 len po predlo\u017een\u00ed platn\u00e9ho lek\u00e1rskeho potvrdenia riadite\u013eovi turnaja.<\/li>\n<li>Pou\u017e\u00edvanie merac\u00edch zariaden\u00ed je povolen\u00e9.<\/li>\n<li>V pr\u00edpade zdr\u017eovania tempa hry bude hr\u00e1\u010d najsk\u00f4r upozornen\u00fd , \u00a0druh\u00e9 upozornenie bude znamena\u0165 2 trestn\u00e9 body na jamke , kde bol hr\u00e1\u010d upozornen\u00fd a ak ani po druhom upozornen\u00ed hr\u00e1\u010d nezmen\u00ed svoje tempo hry bude na z\u00e1klade rozhodnutia riadite\u013ea t\u00fary diskvalifikovan\u00fd.<\/li>\n<\/ul>\n<p>S\u00fa\u0165a\u017en\u00fd v\u00fdbor si vyhradzuje v pr\u00edpade nutnosti pr\u00e1vo na pr\u00edpadn\u00e9 doplnenie technick\u00fdch ustanoven\u00ed a\u00a0to i\u00a0pre pr\u00edpad nov\u00fdch skuto\u010dnost\u00ed a\u00a0potrieb po\u010das turnaja.<\/p>\n<p><strong>viac info na +421 948 22 77 73\u00a0\u00a0\u00a0\u00a0\u00a0\u00a0 mail: golf108@golf108.e<\/strong><\/p>","protected":false},"excerpt":{"rendered":"<p>Let\u00e1k: Ceny fee a \u0161tartovn\u00e9ho: Dvojica a jednotlivci, ktor\u00ed sa z\u00fa\u010dastnia aspo\u0148 troch , zo \u0161tyroch turnajov na na\u0161ej tour, maj\u00fa jednotn\u00e9 fee a \u0161tartovn\u00e9 na v\u0161etk\u00fdch turnajoch a to: 50,-\u20ac fee a 20,-\u20ac \u0161tartovn\u00e9\u00a0 ( \u0161tartovn\u00e9 pre riadnych \u010dlenov dom\u00e1cich klubov je 20,-\u20ac za predpokladu, \u017ee na domovskom ihrisku neplatia hracie FEE ) Ceny<\/p>\n <a href='http:\/\/www.golf108.eu\/cz\/turnaje\/' class='excerpt-more-append'>[...]<\/a>","protected":false},"author":1,"featured_media":0,"parent":0,"menu_order":0,"comment_status":"closed","ping_status":"closed","template":"","meta":[],"_links":{"self":[{"href":"http:\/\/www.golf108.eu\/cz\/wp-json\/wp\/v2\/pages\/21"}],"collection":[{"href":"http:\/\/www.golf108.eu\/cz\/wp-json\/wp\/v2\/pages"}],"about":[{"href":"http:\/\/www.golf108.eu\/cz\/wp-json\/wp\/v2\/types\/page"}],"author":[{"embeddable":true,"href":"http:\/\/www.golf108.eu\/cz\/wp-json\/wp\/v2\/users\/1"}],"replies":[{"embeddable":true,"href":"http:\/\/www.golf108.eu\/cz\/wp-json\/wp\/v2\/comments?post=21"}],"version-history":[{"count":16,"href":"http:\/\/www.golf108.eu\/cz\/wp-json\/wp\/v2\/pages\/21\/revisions"}],"predecessor-version":[{"id":335,"href":"http:\/\/www.golf108.eu\/cz\/wp-json\/wp\/v2\/pages\/21\/revisions\/335"}],"wp:attachment":[{"href":"http:\/\/www.golf108.eu\/cz\/wp-json\/wp\/v2\/media?parent=21"}],"curies":[{"name":"wp","href":"https:\/\/api.w.org\/{rel}","templated":true}]}}